{"id":18,"date":"2025-07-17T12:56:50","date_gmt":"2025-07-17T10:56:50","guid":{"rendered":"https:\/\/puntiseguit.framegirona2.dev\/?page_id=18"},"modified":"2025-12-12T14:02:14","modified_gmt":"2025-12-12T13:02:14","slug":"politica-de-cookies","status":"publish","type":"page","link":"https:\/\/margaritafabrega.com\/es\/politica-de-cookies\/","title":{"rendered":"Pol\u00edtica de cookies"},"content":{"rendered":"<div data-elementor-type=\"wp-page\" data-elementor-id=\"18\" class=\"elementor elementor-18\" data-elementor-post-type=\"page\">\n\t\t\t\t<div class=\"elementor-element elementor-element-3a5263b e-con-full e-flex e-con e-parent\" data-id=\"3a5263b\" data-element_type=\"container\" data-e-type=\"container\">\n\t\t\t\t<div class=\"elementor-element elementor-element-563ed2b elementor-widget elementor-widget-heading\" data-id=\"563ed2b\" data-element_type=\"widget\" data-e-type=\"widget\" data-widget_type=\"heading.default\">\n\t\t\t\t\t<h1 class=\"elementor-heading-title elementor-size-default\">Pol\u00edtica de cookies<\/h1>\t\t\t\t<\/div>\n\t\t\t\t<div class=\"elementor-element elementor-element-23cf729 elementor-widget elementor-widget-text-editor\" data-id=\"23cf729\" data-element_type=\"widget\" data-e-type=\"widget\" data-widget_type=\"text-editor.default\">\n\t\t\t\t\t\t\t\t\t<p class=\"font_8 wixui-rich-text__text\"><span class=\"color_41 wixui-rich-text__text\"><span class=\"wixui-rich-text__text\">El acceso a este Sitio web puede implicar el uso de cookies y tecnolog\u00edas similares. Las cookies son peque\u00f1os ficheros de datos que se colocan en el dispositivo del Usuario y permiten almacenar informaci\u00f3n relacionada con su navegaci\u00f3n sin causar da\u00f1os al dispositivo.<\/span><\/span><\/p><p class=\"font_8 wixui-rich-text__text\"><span class=\"color_41 wixui-rich-text__text\"><span class=\"wixui-rich-text__text\">Estas cookies permiten a este Sitio web conocer diversa informaci\u00f3n, como la fecha y la hora de la \u00faltima visita del Usuario, el dise\u00f1o de contenidos seleccionado en la primera visita y elementos de seguridad relacionados con el acceso a \u00e1reas restringidas.<\/span><\/span><\/p><p class=\"font_8 wixui-rich-text__text\"><span class=\"color_41 wixui-rich-text__text\"><span class=\"wixui-rich-text__text\">Sin embargo, ninguna cookie permite que esta misma pueda contactarse con el n\u00famero de tel\u00e9fono del Usuario o con cualquier otro medio de contacto personal. Ninguna cookie puede extraer informaci\u00f3n del disco duro del Usuario o robar informaci\u00f3n personal. La \u00fanica manera que la informaci\u00f3n privada del Usuario forme parte del archivo Cookie es que el usuario d\u00e9 personalmente esta informaci\u00f3n al servidor.<\/span><\/span><\/p><p class=\"font_8 wixui-rich-text__text\"><span class=\"color_41 wixui-rich-text__text\"><span class=\"wixui-rich-text__text\">El Usuario tiene la opci\u00f3n de impedir la generaci\u00f3n de cookies, seleccionando la opci\u00f3n correspondiente a su navegador.<\/span><\/span><\/p><p class=\"font_8 wixui-rich-text__text\"><span class=\"color_41 wixui-rich-text__text\"><span class=\"wixui-rich-text__text\">Las cookies que permiten identificar a una persona se consideran informaci\u00f3n personal. Por lo tanto, a estas se les aplicar\u00e1 la misma Pol\u00edtica de Privacidad descrita anteriormente. En este sentido, para la utilizaci\u00f3n de estas cookies ser\u00e1 necesario obtener el consentimiento del Usuario. Este consentimiento ser\u00e1 solicitado de manera clara y expl\u00edcita, mediante una opci\u00f3n afirmativa y voluntaria, antes de empezar a utilizarlas, y ser\u00e1 grabado de manera documentada.<\/span><\/span><\/p><p class=\"font_8 wixui-rich-text__text\"><strong><span class=\"wixui-rich-text__text\">A. COOKIES PROPIAS\n\n\u200b<\/span><\/strong><\/p><p class=\"font_8 wixui-rich-text__text\"><span class=\"color_41 wixui-rich-text__text\"><span class=\"wixui-rich-text__text\">Son aquellas cookies que se env\u00edan al ordenador o dispositivo del Usuario y gestionadas exclusivamente por el Sitio web del Despacho para el correcto funcionamiento de este. La informaci\u00f3n recopilada se utiliza para mejorar la calidad del Sitio web y su contenido, as\u00ed como la experiencia del Usuario. Estas cookies permiten identificar al Usuario como visitante recurrente del Sitio web y personalizar el contenido para ofrecerle aquellos que se ajusten mejor a sus preferencias.<\/span><\/span><\/p><p class=\"font_8 wixui-rich-text__text\"><strong><span class=\"wixui-rich-text__text\">B. COOKIES DE REDES SOCIALES Y TERCEROS<\/span><\/strong><\/p><p class=\"font_8 wixui-rich-text__text\"><span class=\"wixui-rich-text__text\"><span class=\"color_41 wixui-rich-text__text\">El sitio web incluye complementos de redes sociales y terceros, que permiten acceder desde el mismo sitio web. Por este motivo, las cookies de redes sociales pueden almacenarse al navegador del Usuario. Los titulares de estas redes sociales tienen sus propias pol\u00edticas de protecci\u00f3n de datos y de cookies, siendo ellos mismos los responsables de sus propios ficheros y pr\u00e1cticas de privacidad en cada caso. El Usuario tiene que consultarlas para informarse sobre estas cookies y, en este caso, sobre el tratamiento de sus datos personales.\n\n\u200b<\/span><\/span><\/p><p class=\"font_8 wixui-rich-text__text\"><strong><span class=\"wixui-rich-text__text\">C. DESACTIVAR, RECHAZAR Y ELIMINAR COOKIES<\/span><\/strong><\/p><p class=\"font_8 wixui-rich-text__text\"><span class=\"color_41 wixui-rich-text__text\"><span class=\"wixui-rich-text__text\">Los usuarios tienen la capacidad de desactivar, rechazar o eliminar completamente o parcialmente las galletas instaladas a sus dispositivos a trav\u00e9s de la configuraci\u00f3n de sus navegadores de internet. Esta acci\u00f3n puede variar seg\u00fan el navegador utilizado. En consecuencia, es recomendable seguir las instrucciones espec\u00edficas proporcionadas por el mismo navegador. Si un usuario opta para rechazar el uso de cookies, puede continuar utilizando el sitio web, pero se tiene que tener en cuenta que esto puede limitar el acceso a algunas de las funcionalidades de este.<\/span><\/span><\/p><p><strong>ESTE SITIO WEB UTILIZA LAS SIGUIENTES COOKIES:<\/strong><\/p>\t\t\t\t\t\t\t\t<\/div>\n\t\t\t\t<div class=\"elementor-element elementor-element-78adeec elementor-widget elementor-widget-html\" data-id=\"78adeec\" data-element_type=\"widget\" data-e-type=\"widget\" data-widget_type=\"html.default\">\n\t\t\t\t\t<div class= \"cky-audit-table-element\"><\/div>\t\t\t\t<\/div>\n\t\t\t\t<\/div>\n\t\t\t\t<\/div>","protected":false},"excerpt":{"rendered":"<p>Pol\u00edtica de cookies L\u2019acc\u00e9s a aquest Lloc web pot implicar l\u2019\u00fas de cookies i tecnologies similars. Les cookies s\u00f3n petits fitxers de dades que es col\u00b7loquen en el dispositiu de l\u2019Usuari i permeten emmagatzemar informaci\u00f3 relacionada amb la seva navegaci\u00f3 sense causar danys al dispositiu. Aquestes cookies permeten a aquest Lloc web con\u00e8ixer diversa informaci\u00f3, [&hellip;]<\/p>\n","protected":false},"author":1,"featured_media":0,"parent":0,"menu_order":0,"comment_status":"closed","ping_status":"closed","template":"","meta":{"footnotes":""},"class_list":["post-18","page","type-page","status-publish","hentry"],"_links":{"self":[{"href":"https:\/\/margaritafabrega.com\/es\/wp-json\/wp\/v2\/pages\/18","targetHints":{"allow":["GET"]}}],"collection":[{"href":"https:\/\/margaritafabrega.com\/es\/wp-json\/wp\/v2\/pages"}],"about":[{"href":"https:\/\/margaritafabrega.com\/es\/wp-json\/wp\/v2\/types\/page"}],"author":[{"embeddable":true,"href":"https:\/\/margaritafabrega.com\/es\/wp-json\/wp\/v2\/users\/1"}],"replies":[{"embeddable":true,"href":"https:\/\/margaritafabrega.com\/es\/wp-json\/wp\/v2\/comments?post=18"}],"version-history":[{"count":16,"href":"https:\/\/margaritafabrega.com\/es\/wp-json\/wp\/v2\/pages\/18\/revisions"}],"predecessor-version":[{"id":1135,"href":"https:\/\/margaritafabrega.com\/es\/wp-json\/wp\/v2\/pages\/18\/revisions\/1135"}],"wp:attachment":[{"href":"https:\/\/margaritafabrega.com\/es\/wp-json\/wp\/v2\/media?parent=18"}],"curies":[{"name":"wp","href":"https:\/\/api.w.org\/{rel}","templated":true}]}}