{"id":14,"date":"2025-07-17T12:56:14","date_gmt":"2025-07-17T10:56:14","guid":{"rendered":"https:\/\/puntiseguit.framegirona2.dev\/?page_id=14"},"modified":"2025-12-11T13:38:58","modified_gmt":"2025-12-11T12:38:58","slug":"avis-legal","status":"publish","type":"page","link":"https:\/\/margaritafabrega.com\/es\/avis-legal\/","title":{"rendered":"Aviso legal"},"content":{"rendered":"<div data-elementor-type=\"wp-page\" data-elementor-id=\"14\" class=\"elementor elementor-14\" data-elementor-post-type=\"page\">\n\t\t\t\t<div class=\"elementor-element elementor-element-e55ddfc e-con-full e-flex e-con e-parent\" data-id=\"e55ddfc\" data-element_type=\"container\" data-e-type=\"container\">\n\t\t\t\t<div class=\"elementor-element elementor-element-ca47b43 elementor-widget elementor-widget-heading\" data-id=\"ca47b43\" data-element_type=\"widget\" data-e-type=\"widget\" data-widget_type=\"heading.default\">\n\t\t\t\t\t<h1 class=\"elementor-heading-title elementor-size-default\">Aviso legal y condiciones generales de uso<\/h1>\t\t\t\t<\/div>\n\t\t\t\t<div class=\"elementor-element elementor-element-24524ea elementor-widget elementor-widget-text-editor\" data-id=\"24524ea\" data-element_type=\"widget\" data-e-type=\"widget\" data-widget_type=\"text-editor.default\">\n\t\t\t\t\t\t\t\t\t<p class=\"font_8 wixui-rich-text__text\"><span class=\"color_41 wixui-rich-text__text\"><span class=\"wixui-rich-text__text\">Este aviso legal (en lo sucesivo, el \u201cAviso\u201d) regula el uso del Sitio web www.margaritafabrega.com (en lo sucesivo, el \u201cSitio web\u201d) que Margarita F\u00e0brega Vidal (En lo sucesivo, \u201cMARGARITA F\u00c0BREGA VIDAL\u201d) pone a disposici\u00f3n de los usuarios de Internet<\/span><\/span><span class=\"color_41 wixui-rich-text__text\"><span class=\"wixui-rich-text__text\">a utilizaci\u00f3n del Sitio web, incluyendo el mero acceso, concede la condici\u00f3n de usuario (en lo sucesivo, el\/los \u201cUsuario\/s\u201d) y supone la aceptaci\u00f3n llena y sin reservas de todas las estipulaciones de este Aviso que se encuentran en vigor en el momento del acceso.<\/span><\/span><\/p><p class=\"font_8 wixui-rich-text__text\"><span class=\"color_41 wixui-rich-text__text\"><span class=\"wixui-rich-text__text\">En consecuencia, el Usuario tiene que leer el Aviso cada vez que utilice el Sitio web.<\/span><\/span><\/p><p class=\"font_8 wixui-rich-text__text\"><span class=\"color_41 wixui-rich-text__text\"><span class=\"wixui-rich-text__text\">El Usuario es consciente y acepta voluntaria y expresamente que el uso del Sitio web se realiza en todo caso bajo su exclusiva responsabilidad.<\/span><\/span><\/p><p class=\"font_8 wixui-rich-text__text\"><strong><span class=\"color_40 wixui-rich-text__text\"><span class=\"wixui-rich-text__text\">Informaci\u00f3n legal<\/span><\/span><\/strong><\/p><p class=\"font_8 wixui-rich-text__text\"><span class=\"color_41 wixui-rich-text__text\"><span class=\"wixui-rich-text__text\">El titular de la web es MARGARITA F\u00c0BREGA VIDAL (persona f\u00edsica), NIF 43639292N.<\/span><\/span><\/p><p class=\"font_8 wixui-rich-text__text\"><span class=\"color_41 wixui-rich-text__text\"><span class=\"wixui-rich-text__text\">Los datos de contacto son las siguientes:<\/span><\/span><\/p><p class=\"font_8 wixui-rich-text__text\"><span class=\"color_41 wixui-rich-text__text\"><span class=\"wixui-rich-text__text\">Domicilio profesional:<\/span><\/span><\/p><p class=\"font_2 wixui-rich-text__text\"><span class=\"wixui-rich-text__text\"><span class=\"color_15 wixui-rich-text__text\">Calle del R\u00edo G\u00fcell, 4B, <\/span><\/span><span class=\"wixui-rich-text__text\"><span class=\"color_15 wixui-rich-text__text\">17001, Gerona<\/span><\/span><\/p><p class=\"font_8 wixui-rich-text__text\"><span class=\"color_41 wixui-rich-text__text\"><span class=\"wixui-rich-text__text\">Tel\u00e9fono: 616 925 912<\/span><\/span><\/p><p class=\"font_8 wixui-rich-text__text\"><span class=\"color_41 wixui-rich-text__text\"><span class=\"wixui-rich-text__text\">Correo electr\u00f3nico:\u00a0<a class=\"wixui-rich-text__text\" href=\"mailto:info@margaritafabrega.com\" target=\"_blank\" rel=\"noopener\" data-auto-recognition=\"true\">info@margaritafabrega.com<\/a><\/span><\/span><\/p><p class=\"font_8 wixui-rich-text__text\"><span class=\"color_41 wixui-rich-text__text\"><span class=\"wixui-rich-text__text\">La normativa aplicable al ejercicio de nuestra profesi\u00f3n se fundamenta con el Reglamento General 649\/2016 de la Uni\u00f3n Europea de Protecci\u00f3n de Datos y la Ley Org\u00e1nica 3\/2018 de 5 de Diciembre de protecci\u00f3n de datos personales y garant\u00eda de los derechos digitales.<\/span><\/span><\/p><p class=\"font_8 wixui-rich-text__text\"><span class=\"color_41 wixui-rich-text__text\"><span class=\"wixui-rich-text__text\">En este sentido la Agencia Espa\u00f1ola de Protecci\u00f3n de Datos (AEPD) ha incluido a los abogados aut\u00f3nomos que ejercen la profesi\u00f3n de manera individual dentro de los colectivos que NO es obligatorio la realizaci\u00f3n de un evaluaci\u00f3n de impacto, con el objetivo de facilitar a los responsables la identificaci\u00f3n de estos tipos de tratamientos.<\/span><\/span><\/p><p class=\"font_8 wixui-rich-text__text\"><strong><span class=\"color_40 wixui-rich-text__text\"><span class=\"wixui-rich-text__text\">2. Condiciones de uso<\/span><\/span><\/strong><\/p><p class=\"font_8 wixui-rich-text__text\"><span class=\"color_40 wixui-rich-text__text\"><span class=\"wixui-rich-text__text\">2.1 Contenidos<\/span><\/span><\/p><p class=\"font_8 wixui-rich-text__text\"><span class=\"color_41 wixui-rich-text__text\"><span class=\"wixui-rich-text__text\">El acceso al Sitio web es de car\u00e1cter gratuito y el Usuario se obliga a hacer un uso adecuado de este, de acuerdo con las condiciones de este Aviso, a la normativa en vigor que sea aplicable, la moral y el orden p\u00fablico.<\/span><\/span><\/p><p class=\"font_8 wixui-rich-text__text\"><span class=\"color_41 wixui-rich-text__text\"><span class=\"wixui-rich-text__text\">Los contenidos del Sitio web tienen un car\u00e1cter meramente informativo. La informaci\u00f3n incluida no constituye en ning\u00fan caso una fuente de asesoramiento ni establece una relaci\u00f3n profesional ni de ninguno otro tipo entre el Usuario y\u00a0<\/span><\/span><span class=\"color_41 wixui-rich-text__text\"><span class=\"wixui-rich-text__text\">MARGARITA F\u00c1BREGA VIDAL.<\/span><\/span><span class=\"color_41 wixui-rich-text__text\"><span class=\"wixui-rich-text__text\">\u00a0Su utilizaci\u00f3n es responsabilidad exclusiva del Usuario, de forma que se desaconseja la toma de decisiones a partir de la informaci\u00f3n facilitada sin contar con el adecuado asesoramiento profesional.<\/span><\/span><\/p><p class=\"font_8 wixui-rich-text__text\"><span class=\"color_41 wixui-rich-text__text\"><span class=\"wixui-rich-text__text\">MARGARITA F\u00c0BREGA VIDAL se reserva el derecho de modificar en cualquier momento y sin previo aviso el contenido del Sitio web, su Aviso y pol\u00edtica de privacidad o cualquier otra condici\u00f3n o texto que sea aplicable.<\/span><\/span><\/p><p class=\"font_8 wixui-rich-text__text\"><span class=\"color_40 wixui-rich-text__text\"><span class=\"wixui-rich-text__text\">2.2 Enlaces<\/span><\/span><\/p><p class=\"font_8 wixui-rich-text__text\"><span class=\"color_41 wixui-rich-text__text\"><span class=\"wixui-rich-text__text\">Aquellos usuarios que quieran introducir enlaces desde otras p\u00e1ginas web hacia el Sitio web tienen que solicitar autorizaci\u00f3n previa a MARGARITA F\u00c0BREGA VIDAL.<\/span><\/span><\/p><p class=\"font_8 wixui-rich-text__text\"><span class=\"color_41 wixui-rich-text__text\"><span class=\"wixui-rich-text__text\">En cualquier caso, estos enlaces se autorizar\u00e1n bajo las siguientes condiciones:<\/span><\/span><\/p><p class=\"font_8 wixui-rich-text__text\"><span class=\"color_41 wixui-rich-text__text\"><span class=\"wixui-rich-text__text\">Tienen que dirigirse a la p\u00e1gina principal o home page del Sitio web sin reproducirla de ninguna forma.<\/span><\/span><\/p><p class=\"font_8 wixui-rich-text__text\"><span class=\"color_41 wixui-rich-text__text\"><span class=\"wixui-rich-text__text\">Se proh\u00edbe la creaci\u00f3n de marcos o frames de cualquier tipo que permitan que el Sitio web sea visualizado a trav\u00e9s de direcciones diferentes o de forma que induzca a error, confusi\u00f3n o enga\u00f1o a los usuarios respecto del origen del contenido, implique una conducta desleal, utilice o perjudique de cualquier forma la reputaci\u00f3n e imagen del despacho y su marca o sea contrario de cualquier forma a la normativa vigente, la moral o el orden p\u00fablico.<\/span><\/span><\/p><p class=\"font_8 wixui-rich-text__text\"><span class=\"color_41 wixui-rich-text__text\"><span class=\"wixui-rich-text__text\">Se proh\u00edbe la utilizaci\u00f3n de cualquier marca o signo distintivo de MARGARITA F\u00c0BREGA VIDAL que no cuente con autorizaci\u00f3n expr\u00e9s de su titular.<\/span><\/span><\/p><p class=\"font_8 wixui-rich-text__text\"><span class=\"color_41 wixui-rich-text__text\"><span class=\"wixui-rich-text__text\">La existencia de este tipo de enlaces no implica de ninguna forma la existencia de relaciones entre MARGARITA F\u00c0BREGA VIDAL , el propietario del lugar o de la p\u00e1gina web en la cual se establezca el enlace hacia el Sitio web, ni la aceptaci\u00f3n o aprobaci\u00f3n de sus contenidos o servicios.<\/span><\/span><\/p><p class=\"font_8 wixui-rich-text__text\"><span class=\"color_41 wixui-rich-text__text\"><span class=\"wixui-rich-text__text\">A su vez, MARGARITA F\u00c0BREGA VIDAL  puede introducir al Sitio web enlaces que permiten a los Usuarios acceder en p\u00e1ginas web de terceros para facilitar la navegaci\u00f3n y experiencia.\u00a0<\/span><\/span><span class=\"color_41 wixui-rich-text__text\"><span class=\"wixui-rich-text__text\">En estos casos, MARGARITA F\u00c0BREGA VIDAL no se responsabiliza del contenido o servicios ofrecidos por estos ni de los da\u00f1os que puedan originarse con motivo de su consulta o utilizaci\u00f3n.<\/span><\/span><\/p><p class=\"font_8 wixui-rich-text__text\"><span class=\"color_41 wixui-rich-text__text\"><span class=\"wixui-rich-text__text\">En todo caso, MARGARITA F\u00c0BREGA VIDAL se reserva el derecho de prohibir en cualquier momento el uso de los enlaces previamente autorizados, entre otros, en los supuestos de actividad o contenidos il\u00edcitos de la p\u00e1gina web en la cual se incluye el enlace.<\/span><\/span><\/p><p class=\"font_8 wixui-rich-text__text\"><strong><span class=\"color_40 wixui-rich-text__text\"><span class=\"wixui-rich-text__text\">3. Propiedad intelectual<\/span><\/span><\/strong><\/p><p class=\"font_8 wixui-rich-text__text\"><span class=\"color_41 wixui-rich-text__text\"><span class=\"wixui-rich-text__text\">Todos los contenidos del Sitio web son propiedad intelectual de MARGARITA F\u00c0BREGA VIDAL o de terceros que han proporcionado las autorizaciones o licencias necesarias para su utilizaci\u00f3n. Entre otros, el nombre del dominio, las marcas, el Sitio web, el c\u00f3digo fuente, y la tecnolog\u00eda asociada a este, los contenidos publicados, incluyendo los dise\u00f1os, textos e im\u00e1genes.<\/span><\/span><\/p><p class=\"font_8 wixui-rich-text__text\"><span class=\"color_41 wixui-rich-text__text\"><span class=\"wixui-rich-text__text\">El Usuario no podr\u00e1 realizar una reproducci\u00f3n, transformaci\u00f3n, distribuci\u00f3n, comunicaci\u00f3n p\u00fablica, puesta a disposici\u00f3n, extracci\u00f3n o uso, por cualquier medio o procedimiento, de los mencionados elementos, salvo los casos en que est\u00e9 legalmente permitido o sea autorizado de forma expr\u00e9s por MARGARITA F\u00c0BREGA VIDAL. \u00a0<\/span><\/span><\/p><p class=\"font_8 wixui-rich-text__text\"><strong><span class=\"color_40 wixui-rich-text__text\"><span class=\"wixui-rich-text__text\">4. Responsabilidad<\/span><\/span><\/strong><\/p><p class=\"font_8 wixui-rich-text__text\"><span class=\"color_40 wixui-rich-text__text\"><span class=\"wixui-rich-text__text\">4.1 Contenidos<\/span><\/span><\/p><p class=\"font_8 wixui-rich-text__text\"><span class=\"color_41 wixui-rich-text__text\"><span class=\"wixui-rich-text__text\">MARGARITA F\u00c0BREGA VIDAL aplicar\u00e1 los medios y esfuerzos razonables al facilitar a trav\u00e9s del Sitio web informaci\u00f3n actualizada y fehaciente. Sin embargo, no se hacen responsables de los errores u omisiones de la informaci\u00f3n o contenidos facilitados a trav\u00e9s del Sitio web ni de la aplicaci\u00f3n o uso concreto que pudiera hacerse de estos.<\/span><\/span><\/p><p class=\"font_8 wixui-rich-text__text\"><span class=\"color_41 wixui-rich-text__text\"><span class=\"wixui-rich-text__text\">El acceso al Sitio web no implica la obligaci\u00f3n de MARGARITA F\u00c0BREGA VIDAL de comprobar la veracidad, exactitud, idoneidad, adecuaci\u00f3n, exhaustividad y actualidad de la informaci\u00f3n y contenidos.<\/span><\/span><\/p><p class=\"font_8 wixui-rich-text__text\"><span class=\"color_41 wixui-rich-text__text\"><span class=\"wixui-rich-text__text\">Los contenidos del Sitio web no suponen en ninguna manera la prestaci\u00f3n de ning\u00fan servicio legal.El usuario es el \u00fanico responsable ante cualquier reclamaci\u00f3n o acci\u00f3n legal, judicial o extrajudicial, iniciada por terceros contra MARGARITA F\u00c0BREGA VIDAL que tenga su origen en la utilizaci\u00f3n del Sitio web por el Usuario. En su caso, el Usuario asumir\u00e1 los gastos, costes e indemnizaciones originados a MARGARITA F\u00c0BREGA VIDAL  con motivo de estas reclamaciones o acciones legales.<\/span><\/span><\/p><p class=\"font_8 wixui-rich-text__text\"><span class=\"color_39 wixui-rich-text__text\"><span class=\"wixui-rich-text__text\">4.2 Funcionamiento<\/span><\/span><\/p><p class=\"font_8 wixui-rich-text__text\"><span class=\"color_41 wixui-rich-text__text\"><span class=\"wixui-rich-text__text\">MARGARITA F\u00c0BREGA VIDAL no se hace responsable por las interferencias, omisiones, interrupciones, virus inform\u00e1ticos u otros elementos que puedan producir alteraciones en los sistemas del Usuario o en sus documentos o ficheros motivados por causas ajenas a MARGARITA F\u00c0BREGA VIDAL o en caso de haber adoptado estas medidas de seguridad razonablemente adecuadas.<\/span><\/span><\/p><p class=\"font_8 wixui-rich-text__text\"><span class=\"color_41 wixui-rich-text__text\"><span class=\"wixui-rich-text__text\">Del mismo modo, MARGARITA F\u00c0BREGA VIDAL no asume la responsabilidad derivada de retrasos o bloqueos en el funcionamiento operativo del Sitio web causado por deficiencias o sobrecarga en las l\u00edneas telef\u00f3nicas o Internet, as\u00ed como de da\u00f1os causados por terceras personas mediante intromisiones ileg\u00edtimas.<\/span><\/span><\/p><p class=\"font_8 wixui-rich-text__text\"><span class=\"color_41 wixui-rich-text__text\"><span class=\"wixui-rich-text__text\">MARGARITA F\u00c0BREGA VIDAL se reserva el derecho de suspender el acceso al Sitio web con motivo de operaciones de mantenimiento, reparaci\u00f3n y\/o mejora.<\/span><\/span><\/p><p class=\"font_8 wixui-rich-text__text\"><span class=\"color_40 wixui-rich-text__text\"><span class=\"wixui-rich-text__text\">4.3 Enlaces<\/span><\/span><\/p><p class=\"font_8 wixui-rich-text__text\"><span class=\"color_41 wixui-rich-text__text\"><span class=\"wixui-rich-text__text\">MARGARITA F\u00c0BREGA VIDAL no se hace responsable de los contenidos y servicios de aquellas p\u00e1ginas web que puedan estar enlazadas al Sitio web m\u00e1s all\u00e1 de la responsabilidad asignada por la Ley 34\/2002, de 12 de julio, de Servicios de la Sociedad de la Informaci\u00f3n y el E-commerce, en la medida que pudiera tener conocimiento efectivo de la ilicitud de los contenidos y servicios suministrados al portal web enlazado y no desactive el enlace con la diligencia debida.<\/span><\/span><\/p><p class=\"font_8 wixui-rich-text__text\"><span class=\"color_41 wixui-rich-text__text\"><span class=\"wixui-rich-text__text\">Si desea poner en nuestro conocimiento la existencia de un enlace hacia un sitio web con contenidos que considera inadecuados o il\u00edcitos puede ponerse en contacto con nosotros en <a class=\"wixui-rich-text__text\" href=\"mailto:info@margaritafabrega.com\" target=\"_blank\" rel=\"noopener\" data-auto-recognition=\"true\">info@margaritafabrega.com<\/a>.<\/span><\/span><\/p><p class=\"font_8 wixui-rich-text__text\"><strong><span class=\"color_40 wixui-rich-text__text\"><span class=\"wixui-rich-text__text\">5. Protecci\u00f3n de datos<\/span><\/span><\/strong><\/p><p class=\"font_8 wixui-rich-text__text\"><span class=\"color_41 wixui-rich-text__text\"><span class=\"wixui-rich-text__text\">Puede acceder a la informaci\u00f3n detallada respecto del tratamiento de los datos personales que MARGARITA F\u00c0BREGA VIDAL lleva a cabo de los Usuarios visitando nuestra Pol\u00edtica de privacidad.<\/span><\/span><\/p><p class=\"font_8 wixui-rich-text__text\"><strong><span class=\"color_40 wixui-rich-text__text\"><span class=\"wixui-rich-text__text\">6. Legislaci\u00f3n<\/span><\/span><\/strong><\/p><p class=\"font_8 wixui-rich-text__text\"><span class=\"color_41 wixui-rich-text__text\"><span class=\"wixui-rich-text__text\">El presente Aviso Legal se rige e interpreta, en caso de que sea necesario, por la legislaci\u00f3n com\u00fan espa\u00f1ola y, salvo que se establezca el contrario en la normativa aplicable, cualquier conflicto se somete por las partes a los jueces y tribunales de la ciudad de Girona.<\/span><\/span><\/p>\t\t\t\t\t\t\t\t<\/div>\n\t\t\t\t<\/div>\n\t\t\t\t<\/div>","protected":false},"excerpt":{"rendered":"<p>Av\u00eds legal i condicions generals d&#8217;\u00fas Aquest av\u00eds legal (en endavant, l\u2019\u201cAv\u00eds\u201d) regula l\u2019\u00fas del Lloc Web www.margaritafabrega.com\u00a0(en endavant, el \u201cLloc Web\u201d) que Margarita F\u00e0brega Vidal (En endavant, \u201cMARGARITA F\u00c0BREGA VIDAL\u201d) posa a disposici\u00f3 dels usuaris d\u2019Internet la utilitzaci\u00f3 del Lloc Web, incloent el mer acc\u00e9s, concedeix la condici\u00f3 d\u2019usuari (en endavant, el\/s \u201cUsuari\/s\u201d) i [&hellip;]<\/p>\n","protected":false},"author":1,"featured_media":0,"parent":0,"menu_order":0,"comment_status":"closed","ping_status":"closed","template":"","meta":{"footnotes":""},"class_list":["post-14","page","type-page","status-publish","hentry"],"_links":{"self":[{"href":"https:\/\/margaritafabrega.com\/es\/wp-json\/wp\/v2\/pages\/14","targetHints":{"allow":["GET"]}}],"collection":[{"href":"https:\/\/margaritafabrega.com\/es\/wp-json\/wp\/v2\/pages"}],"about":[{"href":"https:\/\/margaritafabrega.com\/es\/wp-json\/wp\/v2\/types\/page"}],"author":[{"embeddable":true,"href":"https:\/\/margaritafabrega.com\/es\/wp-json\/wp\/v2\/users\/1"}],"replies":[{"embeddable":true,"href":"https:\/\/margaritafabrega.com\/es\/wp-json\/wp\/v2\/comments?post=14"}],"version-history":[{"count":29,"href":"https:\/\/margaritafabrega.com\/es\/wp-json\/wp\/v2\/pages\/14\/revisions"}],"predecessor-version":[{"id":1100,"href":"https:\/\/margaritafabrega.com\/es\/wp-json\/wp\/v2\/pages\/14\/revisions\/1100"}],"wp:attachment":[{"href":"https:\/\/margaritafabrega.com\/es\/wp-json\/wp\/v2\/media?parent=14"}],"curies":[{"name":"wp","href":"https:\/\/api.w.org\/{rel}","templated":true}]}}